{"id":299,"date":"2020-08-13T22:53:09","date_gmt":"2020-08-13T22:53:09","guid":{"rendered":"https:\/\/moldovalaw.md\/?page_id=299"},"modified":"2025-12-09T12:06:06","modified_gmt":"2025-12-09T12:06:06","slug":"about","status":"publish","type":"page","link":"https:\/\/balaban.md\/ro\/about\/","title":{"rendered":"DESPRE"},"content":{"rendered":"\n<p>Balaban &amp; Partners \u00een Republica Moldova are o experien\u021b\u0103 de peste 18 ani \u00een practica dreptului civil \u0219i comercial, at\u00e2t la nivel na\u021bional, c\u00e2t \u0219i interna\u021bional.<\/p>\n\n\n\n<p>\u00cen parcursul profesional, Balaban &amp; Partners a prestat servicii juridice pentru clien\u021bi din Austria, Germania, Elve\u021bia, Estonia, Olanda, Polonia, Bulgaria, Rom\u00e2nia, Italia \u0219i Fran\u021ba.<\/p>\n\n\n\n<p>Echipa noastr\u0103 ofer\u0103 servicii \u0219i asisten\u021b\u0103 juridic\u0103 \u00een domeniul investi\u021biilor \u00een Republica Moldova, drept fiscal \u0219i bancar, drept corporativ \u0219i comercial, dreptul muncii, dreptul concuren\u021bei, insolven\u021b\u0103 \u0219i faliment, domeniul imobiliar, proprietate intelectual\u0103. De asemenea, echipa noastr\u0103 reprezint\u0103 clien\u021bii \u00een fa\u021ba instan\u021belor de judecat\u0103 din Republica Moldova \u0219i Cur\u021bilor de Arbitraj.<\/p>\n\n\n\n<p>Ne sprijinim clien\u021bii oferindu-le informa\u021bii, consiliere \u0219i reprezentarea intereselor acestora. Acord\u0103m asisten\u021b\u0103 juridic\u0103 \u00eentreprinderilor mici \u0219i mijlocii, precum \u0219i marilor grupuri de firme. Acord\u0103m consultan\u021b\u0103 juridic\u0103 \u00een toate domeniile de afaceri, baz\u00e2ndu-ne pe experien\u021ba \u0219i cuno\u0219tin\u021bele noastre vaste.<\/p>\n\n\n\n<p>Ne baz\u0103m pe experien\u021ba pentru a \u00eendeplini a\u0219tept\u0103rile clien\u021bilor no\u0219tri at\u00e2t la nivel na\u021bional, c\u00e2t \u0219i interna\u021bional. Consultan\u021ba juridic\u0103 oferit\u0103 se \u00eentemeiaz\u0103 pe \u00een\u021belegerea profund\u0103 a mediului de afaceri \u00een care opereaz\u0103 clien\u021bii no\u0219tri. Astfel ne concentr\u0103m pe necesit\u0103\u021bile \u0219i cerin\u021bele lor individuale.<\/p>\n\n\n\n<p>Din 2015 a \u00eenceput colaborarea cu Gilescu, V\u0103leanu, Nathanzon &amp; Partenerii ca \u0219i partener \u00een cadrul \u201eCHSH Cerha Hempel Spiegelfeld Hlawati\u201d, una din cele mai prestigioase societ\u0103\u021bi de avocatur\u0103 din Austria.<\/p>\n\n\n\n<p>Din 2020 a continuat colaborarea cu Gilescu, V\u0103leanu, Nathanzon &amp; Partenerii ca parte a bnt attorneys in CEE, una din cele mai importante firme de avocatur\u0103 din Europa Central\u0103 \u0219i de Est. Datorit\u0103 acestei colabor\u0103ri, beneficiaz\u0103 de urm\u0103toarele:<\/p>\n\n\n\n<ul class=\"wp-block-list\">\n<li>Birouri \u00een Belarus, Bulgaria, Republica Ceh\u0103, Ungaria, Moldova, Rom\u00e2nia \u0219i Republica Slovac\u0103.<\/li>\n\n\n\n<li>Colaborare cu societ\u0103\u021bi de avocatur\u0103 din cadrul Lex Mundi Network, \u00een juridic\u021biile unde societatea nu dispune de birouri proprii.<\/li>\n\n\n\n<li>Colaborare continu\u0103 dintre BNT offices in CEE \u0219i Viena;<\/li>\n\n\n\n<li>Consiliere juridic\u0103 irepro\u0219abil\u0103, eficient\u0103\u0219i orientat\u0103 spre solu\u021bii;<\/li>\n\n\n\n<li>Sprijinirea obiectivelor financiare ale clien\u021bilor ca \u0219i scop principal.<\/li>\n<\/ul>\n\n\n\n<blockquote class=\"wp-block-quote is-layout-flow wp-block-quote-is-layout-flow\">\n<p>\u201eCunostin\u021bele vaste \u00een legisla\u021bia pie\u021belor de capital, flexibilitatea, abilitatea de a r\u0103spunde provoc\u0103rilor \u0219i o re\u021bea excelent\u0103 de profesioni\u0219ti sunt caracteristicile de top ale companiei noastre.\u201d<\/p>\n<\/blockquote>\n\n\n\n<p>\u00cen tot ceea ce facem, r\u0103m\u00e2nem la cele mai \u00eenalte valori umane \u0219i corporative, ne angaj\u0103m s\u0103 oferim \u00eentotdeauna clien\u021bilor no\u0219tri servicii la cele mai \u00eenalte standarde. Cea mai bun\u0103 recompens\u0103 este s\u0103 afl\u0103m considera\u021biunea serviciului nostru ca fiind unul f\u0103r\u0103 egal. <\/p>\n\n\n\n<p>\u00cen\u021belegem mai bine nevoile clientului prin punerea noastr\u0103 \u00een locul acestuia \u0219i adopt\u0103m acest angajament trat\u00e2nd afacerea clientului nostru cu mare respect.<\/p>\n\n\n\n<p>Apreciem p\u0103rerea clien\u021bilor care ne g\u0103sesc creativi, fiabili \u0219i pozitivi \u00een \u00eembinarea celor mai bune practici pentru atingerea rezultatelor. <\/p>\n\n\n\n<div class=\"wp-block-buttons is-layout-flex wp-block-buttons-is-layout-flex\">\n<div class=\"wp-block-button is-style-normal-button\"><a class=\"wp-block-button__link has-white-color has-text-color has-background wp-element-button\" href=\"https:\/\/balaban.md\/#testimonials\" style=\"border-radius:15px;background-color:#fdd465\">Recomand\u0103rile Noastre<\/a><\/div>\n<\/div>\n\n\n\n<h3 class=\"wp-block-heading\"><strong>Misiune<\/strong><\/h3>\n\n\n\n<p>\u201c<strong>The pursuit of a highly valued customer experience<\/strong>\u201d\/ \u201eOferim clien\u021bilor o experien\u021b\u0103 remarcabil\u0103\u201d<\/p>\n\n\n\n<p>Pa\u0219ii pe care \u00eei urm\u0103re\u0219te Balaban&amp;Partners pentru a ridica valoarea serviciilor \u00een colaborare cu clien\u021bi:&nbsp;<\/p>\n\n\n\n<ul class=\"wp-block-list\">\n<li><em>\u00cendem\u00e2nare:<\/em> oferim clien\u021bilor no\u0219tri experien\u021be de calitate;<\/li>\n<\/ul>\n\n\n\n<ul class=\"wp-block-list\">\n<li><em>Consisten\u021b\u0103 \u0219i rezultat<\/em>: serviciile pe care le prest\u0103m sunt orientate spre atingerea rezultatului dorit de client;<\/li>\n<\/ul>\n\n\n\n<ul class=\"wp-block-list\">\n<li><em>\u00cencredere \u0219i respect:<\/em>&nbsp; ne concentr\u0103m s\u0103 oferim expertiz\u0103 personalizat\u0103 \u0219i s\u0103 p\u0103str\u0103m consisten\u021ba \u00een calitatea serviciilor;<\/li>\n<\/ul>\n\n\n\n<ul class=\"wp-block-list\">\n<li><em>Inova\u021bie \u0219i g\u00e2ndire creativ\u0103:<\/em> oferim servicii de cea mai \u00eenalt\u0103 calitate bazate pe cuno\u0219tin\u021be juridice actualizate.<\/li>\n<\/ul>\n\n\n\n<h3 class=\"wp-block-heading\"><strong>Viziune<\/strong><\/h3>\n\n\n\n<p>Viziunea noastr\u0103 este s\u0103 oferim clien\u021bilor consultan\u021b\u0103 juridic\u0103 de calitate \u00een timp util \u0219i \u00een mod eficient.<\/p>\n\n\n\n<p>Obiectivul nostru este s\u0103 atingem standardele de excelen\u021b\u0103 \u00een dreptul afacerilor. Asigur\u0103m bazele juridice ale afacerilor clien\u021bilor no\u0219tri astfel \u00eenc\u00e2t ei s\u0103 se poat\u0103 concentra pe succesul acestora.<\/p>\n\n\n\n<h3 class=\"wp-block-heading\"><strong>Pro Bono<\/strong><\/h3>\n\n\n\n<p>Balaban&amp;Partners ofer\u0103 sprijin \u0219i servicii Pro Bono de \u201ecaritate special\u0103 (non-profit), \u00een proiecte benefice social, de protec\u021bie a mediului, \u0219i pertinen\u021ba legat\u0103 de drepturile omului \u201d<\/p>\n\n\n\n<p>\u00cencuraj\u0103m \u0219i ajut\u0103m persoanele defavorizate, \u00een special oferind sprijin continuu copiilor din internate.<\/p>\n\n\n\n<div class=\"wp-block-buttons is-layout-flex wp-block-buttons-is-layout-flex\">\n<div class=\"wp-block-button is-style-normal-button\"><a class=\"wp-block-button__link has-white-color has-text-color has-background wp-element-button\" href=\"\/ro\/activities\/\" style=\"border-radius:15px;background-color:#ffd971\">Activit\u0103\u021bi<\/a><\/div>\n<\/div>\n\n\n\n<h3 class=\"wp-block-heading\"><strong>&nbsp;Digitalizare<\/strong><\/h3>\n\n\n\n<p>\u00cen contextul digitaliz\u0103rii globale, ne-am digitalizat procesele interne \u0219i am oferit sfaturi cu privire la toate aspectele juridice legate de digitalizarea justi\u021biei \u0219i avocaturii \u00een Republica Moldova, la fel avem o experien\u021b\u0103 extins\u0103 \u00een selectarea \u0219i utilizarea instrumentelor juridice tehnice.<\/p>\n\n\n\n<p>&nbsp;Lucr\u0103m ca parte a unor echipe interdisciplinare formate din avoca\u021bi \u0219i exper\u021bi IT pentru a dezvolta propriile instrumente \u0219i aplica\u021bii tehnologice juridice care vor ajuta la organizarea unei activit\u0103\u021bi juridice eficiente \u00een beneficiul clien\u021bilor no\u0219tri.<\/p>\n\n\n\n<p>\u00cen acest fel, nu numai c\u0103 dorim s\u0103 folosim solu\u021bii tehnologice juridice preexistente, ci lucr\u0103m activ s\u0103 model\u0103m viitorul activit\u0103\u021bii juridice digitalizate.<\/p>\n","protected":false},"excerpt":{"rendered":"<p>Balaban &amp; Partners \u00een Republica Moldova are o experien\u021b\u0103 de peste 18 ani \u00een practica dreptului civil \u0219i comercial, at\u00e2t la nivel na\u021bional, c\u00e2t \u0219i interna\u021bional. \u00cen parcursul profesional, Balaban &amp; Partners a prestat servicii juridice pentru clien\u021bi din Austria, Germania, Elve\u021bia, Estonia, Olanda, Polonia, Bulgaria, Rom\u00e2nia, Italia \u0219i Fran\u021ba. Echipa noastr\u0103 ofer\u0103 servicii \u0219i [&hellip;]<\/p>\n","protected":false},"author":1,"featured_media":0,"parent":0,"menu_order":0,"comment_status":"closed","ping_status":"closed","template":"","meta":{"footnotes":""},"class_list":["post-299","page","type-page","status-publish","hentry"],"translation":{"provider":"WPGlobus","version":"3.0.1","language":"ro","enabled_languages":["en","ro"],"languages":{"en":{"title":true,"content":true,"excerpt":false},"ro":{"title":true,"content":true,"excerpt":false}}},"acf":[],"yoast_head":"<!-- This site is optimized with the Yoast SEO plugin v24.9 - https:\/\/yoast.com\/wordpress\/plugins\/seo\/ -->\n<title>DESPRE - Balaban &amp; Partners<\/title>\n<meta name=\"robots\" content=\"index, follow, max-snippet:-1, max-image-preview:large, max-video-preview:-1\" \/>\n<link rel=\"canonical\" href=\"https:\/\/balaban.md\/about\/\" \/>\n<meta property=\"og:locale\" content=\"ro_RO\" \/>\n<meta property=\"og:type\" content=\"article\" \/>\n<meta property=\"og:title\" content=\"DESPRE - Balaban &amp; Partners\" \/>\n<meta property=\"og:url\" content=\"https:\/\/balaban.md\/about\/\" \/>\n<meta property=\"og:site_name\" content=\"Balaban &amp; Partners\" \/>\n<meta property=\"article:modified_time\" content=\"2025-12-09T12:06:06+00:00\" \/>\n<meta name=\"twitter:card\" content=\"summary_large_image\" \/>\n<meta name=\"twitter:label1\" content=\"Timp estimat pentru citire\" \/>\n\t<meta name=\"twitter:data1\" content=\"3 minute\" \/>\n<script type=\"application\/ld+json\" class=\"yoast-schema-graph\">{\"@context\":\"https:\/\/schema.org\",\"@graph\":[{\"@type\":\"WebPage\",\"@id\":\"https:\/\/balaban.md\/about\/\",\"url\":\"https:\/\/balaban.md\/about\/\",\"name\":\"DESPRE - Balaban &amp; Partners\",\"isPartOf\":{\"@id\":\"https:\/\/balaban.md\/#website\"},\"datePublished\":\"2020-08-13T22:53:09+00:00\",\"dateModified\":\"2025-12-09T12:06:06+00:00\",\"breadcrumb\":{\"@id\":\"https:\/\/balaban.md\/about\/#breadcrumb\"},\"inLanguage\":\"ro-RO\",\"potentialAction\":[{\"@type\":\"ReadAction\",\"target\":[\"https:\/\/balaban.md\/about\/\"]}]},{\"@type\":\"BreadcrumbList\",\"@id\":\"https:\/\/balaban.md\/about\/#breadcrumb\",\"itemListElement\":[{\"@type\":\"ListItem\",\"position\":1,\"name\":\"Home\",\"item\":\"https:\/\/balaban.md\/\"},{\"@type\":\"ListItem\",\"position\":2,\"name\":\"About\"}]},{\"@type\":\"WebSite\",\"@id\":\"https:\/\/balaban.md\/#website\",\"url\":\"https:\/\/balaban.md\/\",\"name\":\"Balaban &amp; Partners\",\"description\":\"Law Firm\",\"publisher\":{\"@id\":\"https:\/\/balaban.md\/#organization\"},\"potentialAction\":[{\"@type\":\"SearchAction\",\"target\":{\"@type\":\"EntryPoint\",\"urlTemplate\":\"https:\/\/balaban.md\/?s={search_term_string}\"},\"query-input\":{\"@type\":\"PropertyValueSpecification\",\"valueRequired\":true,\"valueName\":\"search_term_string\"}}],\"inLanguage\":\"ro-RO\"},{\"@type\":\"Organization\",\"@id\":\"https:\/\/balaban.md\/#organization\",\"name\":\"Balaban & Partners - Law Firm\",\"url\":\"https:\/\/balaban.md\/\",\"logo\":{\"@type\":\"ImageObject\",\"inLanguage\":\"ro-RO\",\"@id\":\"https:\/\/balaban.md\/#\/schema\/logo\/image\/\",\"url\":\"https:\/\/balaban.md\/wp-content\/uploads\/2020\/11\/logo-Balaban.md_.png\",\"contentUrl\":\"https:\/\/balaban.md\/wp-content\/uploads\/2020\/11\/logo-Balaban.md_.png\",\"width\":348,\"height\":101,\"caption\":\"Balaban & Partners - Law Firm\"},\"image\":{\"@id\":\"https:\/\/balaban.md\/#\/schema\/logo\/image\/\"}}]}<\/script>\n<!-- \/ Yoast SEO plugin. -->","yoast_head_json":{"title":"DESPRE - Balaban &amp; Partners","robots":{"index":"index","follow":"follow","max-snippet":"max-snippet:-1","max-image-preview":"max-image-preview:large","max-video-preview":"max-video-preview:-1"},"canonical":"https:\/\/balaban.md\/about\/","og_locale":"ro_RO","og_type":"article","og_title":"DESPRE - Balaban &amp; Partners","og_url":"https:\/\/balaban.md\/about\/","og_site_name":"Balaban &amp; Partners","article_modified_time":"2025-12-09T12:06:06+00:00","twitter_card":"summary_large_image","twitter_misc":{"Timp estimat pentru citire":"3 minute"},"schema":{"@context":"https:\/\/schema.org","@graph":[{"@type":"WebPage","@id":"https:\/\/balaban.md\/about\/","url":"https:\/\/balaban.md\/about\/","name":"DESPRE - Balaban &amp; Partners","isPartOf":{"@id":"https:\/\/balaban.md\/#website"},"datePublished":"2020-08-13T22:53:09+00:00","dateModified":"2025-12-09T12:06:06+00:00","breadcrumb":{"@id":"https:\/\/balaban.md\/about\/#breadcrumb"},"inLanguage":"ro-RO","potentialAction":[{"@type":"ReadAction","target":["https:\/\/balaban.md\/about\/"]}]},{"@type":"BreadcrumbList","@id":"https:\/\/balaban.md\/about\/#breadcrumb","itemListElement":[{"@type":"ListItem","position":1,"name":"Home","item":"https:\/\/balaban.md\/"},{"@type":"ListItem","position":2,"name":"About"}]},{"@type":"WebSite","@id":"https:\/\/balaban.md\/#website","url":"https:\/\/balaban.md\/","name":"Balaban &amp; Partners","description":"Law Firm","publisher":{"@id":"https:\/\/balaban.md\/#organization"},"potentialAction":[{"@type":"SearchAction","target":{"@type":"EntryPoint","urlTemplate":"https:\/\/balaban.md\/?s={search_term_string}"},"query-input":{"@type":"PropertyValueSpecification","valueRequired":true,"valueName":"search_term_string"}}],"inLanguage":"ro-RO"},{"@type":"Organization","@id":"https:\/\/balaban.md\/#organization","name":"Balaban & Partners - Law Firm","url":"https:\/\/balaban.md\/","logo":{"@type":"ImageObject","inLanguage":"ro-RO","@id":"https:\/\/balaban.md\/#\/schema\/logo\/image\/","url":"https:\/\/balaban.md\/wp-content\/uploads\/2020\/11\/logo-Balaban.md_.png","contentUrl":"https:\/\/balaban.md\/wp-content\/uploads\/2020\/11\/logo-Balaban.md_.png","width":348,"height":101,"caption":"Balaban & Partners - Law Firm"},"image":{"@id":"https:\/\/balaban.md\/#\/schema\/logo\/image\/"}}]}},"_links":{"self":[{"href":"https:\/\/balaban.md\/ro\/wp-json\/wp\/v2\/pages\/299","targetHints":{"allow":["GET"]}}],"collection":[{"href":"https:\/\/balaban.md\/ro\/wp-json\/wp\/v2\/pages"}],"about":[{"href":"https:\/\/balaban.md\/ro\/wp-json\/wp\/v2\/types\/page"}],"author":[{"embeddable":true,"href":"https:\/\/balaban.md\/ro\/wp-json\/wp\/v2\/users\/1"}],"replies":[{"embeddable":true,"href":"https:\/\/balaban.md\/ro\/wp-json\/wp\/v2\/comments?post=299"}],"version-history":[{"count":91,"href":"https:\/\/balaban.md\/ro\/wp-json\/wp\/v2\/pages\/299\/revisions"}],"predecessor-version":[{"id":1543,"href":"https:\/\/balaban.md\/ro\/wp-json\/wp\/v2\/pages\/299\/revisions\/1543"}],"wp:attachment":[{"href":"https:\/\/balaban.md\/ro\/wp-json\/wp\/v2\/media?parent=299"}],"curies":[{"name":"wp","href":"https:\/\/api.w.org\/{rel}","templated":true}]}}