{"id":372,"date":"2020-09-07T18:21:55","date_gmt":"2020-09-07T18:21:55","guid":{"rendered":"https:\/\/moldovalaw.md\/?page_id=372"},"modified":"2025-12-09T09:05:21","modified_gmt":"2025-12-09T09:05:21","slug":"awards","status":"publish","type":"page","link":"https:\/\/balaban.md\/ro\/awards\/","title":{"rendered":"Distinc\u021bii"},"content":{"rendered":"<div class=\"wp-block-image\">\n<figure class=\"aligncenter size-large is-resized\"><img loading=\"lazy\" decoding=\"async\" width=\"1024\" height=\"820\" src=\"https:\/\/balaban.md\/wp-content\/uploads\/2025\/12\/diploma_2-1024x820.jpeg\" alt=\"\" class=\"wp-image-1394\" style=\"width:603px;height:auto\" srcset=\"https:\/\/balaban.md\/wp-content\/uploads\/2025\/12\/diploma_2-1024x820.jpeg 1024w, https:\/\/balaban.md\/wp-content\/uploads\/2025\/12\/diploma_2-300x240.jpeg 300w, https:\/\/balaban.md\/wp-content\/uploads\/2025\/12\/diploma_2-768x615.jpeg 768w, https:\/\/balaban.md\/wp-content\/uploads\/2025\/12\/diploma_2-1536x1231.jpeg 1536w, https:\/\/balaban.md\/wp-content\/uploads\/2025\/12\/diploma_2.jpeg 1600w\" sizes=\"auto, (max-width: 1024px) 100vw, 1024px\" \/><\/figure><\/div>\n\n\n<p class=\"has-text-align-center\">Distinc\u021bie acordat\u0103 de Uniunea Na\u021bional\u0103 a Barourilor din Rom\u00e2nia (UNBR).<br>Aceast\u0103 recunoa\u0219tere reprezint\u0103 o reafirmare a angajamentului fa\u021b\u0103 de profesia de avocat, fa\u021b\u0103 de standardele etice \u0219i de valorile care ghideaz\u0103 activitatea juridic\u0103.<\/p>\n\n\n\n<hr class=\"wp-block-separator has-alpha-channel-opacity\"\/>\n\n\n<div class=\"wp-block-image\">\n<figure class=\"aligncenter size-large is-resized\"><img loading=\"lazy\" decoding=\"async\" width=\"1024\" height=\"910\" src=\"https:\/\/balaban.md\/wp-content\/uploads\/2025\/12\/diploma-1024x910.jpeg\" alt=\"\" class=\"wp-image-1382\" style=\"width:611px;height:auto\" srcset=\"https:\/\/balaban.md\/wp-content\/uploads\/2025\/12\/diploma-1024x910.jpeg 1024w, https:\/\/balaban.md\/wp-content\/uploads\/2025\/12\/diploma-300x267.jpeg 300w, https:\/\/balaban.md\/wp-content\/uploads\/2025\/12\/diploma-768x683.jpeg 768w, https:\/\/balaban.md\/wp-content\/uploads\/2025\/12\/diploma-1536x1365.jpeg 1536w, https:\/\/balaban.md\/wp-content\/uploads\/2025\/12\/diploma.jpeg 1600w\" sizes=\"auto, (max-width: 1024px) 100vw, 1024px\" \/><\/figure><\/div>\n\n\n<p class=\"has-text-align-center\">Diploma de Merit \u00een semn de \u00eenalt\u0103 apreciere \u0219i deosebit\u0103 recunostint\u0103 pentru profesionalismul, dedicatia si contributia adus\u0103 la promovarea si cresterea prestigiului profesiei de avocat a Uniunii Avoca\u021bilor din Republica Moldova (2020-2024)<\/p>\n\n\n\n<p class=\"has-text-align-center\"><\/p>\n\n\n\n<hr class=\"wp-block-separator has-alpha-channel-opacity\"\/>\n\n\n<div class=\"wp-block-image\">\n<figure class=\"aligncenter size-full is-resized\"><img loading=\"lazy\" decoding=\"async\" width=\"1024\" height=\"745\" src=\"https:\/\/balaban.md\/wp-content\/uploads\/2020\/10\/WhatsApp-Image-2020-10-02-at-12.49.52.jpeg\" alt=\"\" class=\"wp-image-479\" style=\"width:610px;height:auto\" srcset=\"https:\/\/balaban.md\/wp-content\/uploads\/2020\/10\/WhatsApp-Image-2020-10-02-at-12.49.52.jpeg 1024w, https:\/\/balaban.md\/wp-content\/uploads\/2020\/10\/WhatsApp-Image-2020-10-02-at-12.49.52-300x218.jpeg 300w, https:\/\/balaban.md\/wp-content\/uploads\/2020\/10\/WhatsApp-Image-2020-10-02-at-12.49.52-768x559.jpeg 768w\" sizes=\"auto, (max-width: 1024px) 100vw, 1024px\" \/><\/figure><\/div>\n\n\n<p class=\"has-text-align-center\">Diplom\u0103 de Onoare a Uniunii Avoca\u021bilor din Republica Moldova, 2018<\/p>\n","protected":false},"excerpt":{"rendered":"<p>Distinc\u021bie acordat\u0103 de Uniunea Na\u021bional\u0103 a Barourilor din Rom\u00e2nia (UNBR).Aceast\u0103 recunoa\u0219tere reprezint\u0103 o reafirmare a angajamentului fa\u021b\u0103 de profesia de avocat, fa\u021b\u0103 de standardele etice \u0219i de valorile care ghideaz\u0103 activitatea juridic\u0103. Diploma de Merit \u00een semn de \u00eenalt\u0103 apreciere \u0219i deosebit\u0103 recunostint\u0103 pentru profesionalismul, dedicatia si contributia adus\u0103 la promovarea si cresterea prestigiului profesiei [&hellip;]<\/p>\n","protected":false},"author":1,"featured_media":0,"parent":0,"menu_order":0,"comment_status":"closed","ping_status":"closed","template":"","meta":{"footnotes":""},"class_list":["post-372","page","type-page","status-publish","hentry"],"translation":{"provider":"WPGlobus","version":"3.0.1","language":"ro","enabled_languages":["en","ro"],"languages":{"en":{"title":true,"content":true,"excerpt":false},"ro":{"title":true,"content":true,"excerpt":false}}},"acf":[],"yoast_head":"<!-- This site is optimized with the Yoast SEO plugin v24.9 - https:\/\/yoast.com\/wordpress\/plugins\/seo\/ -->\n<title>Distinc\u021bii - Balaban &amp; Partners<\/title>\n<meta name=\"robots\" content=\"index, follow, max-snippet:-1, max-image-preview:large, max-video-preview:-1\" \/>\n<link rel=\"canonical\" href=\"https:\/\/balaban.md\/awards\/\" \/>\n<meta property=\"og:locale\" content=\"ro_RO\" \/>\n<meta property=\"og:type\" content=\"article\" \/>\n<meta property=\"og:title\" content=\"Distinc\u021bii - Balaban &amp; Partners\" \/>\n<meta property=\"og:url\" content=\"https:\/\/balaban.md\/awards\/\" \/>\n<meta property=\"og:site_name\" content=\"Balaban &amp; Partners\" \/>\n<meta property=\"article:modified_time\" content=\"2025-12-09T09:05:21+00:00\" \/>\n<meta property=\"og:image\" content=\"https:\/\/balaban.md\/wp-content\/uploads\/2025\/12\/diploma_2.jpeg\" \/>\n\t<meta property=\"og:image:width\" content=\"1600\" \/>\n\t<meta property=\"og:image:height\" content=\"1282\" \/>\n\t<meta property=\"og:image:type\" content=\"image\/jpeg\" \/>\n<meta name=\"twitter:card\" content=\"summary_large_image\" \/>\n<meta name=\"twitter:label1\" content=\"Timp estimat pentru citire\" \/>\n\t<meta name=\"twitter:data1\" content=\"1 minut\" \/>\n<script type=\"application\/ld+json\" class=\"yoast-schema-graph\">{\"@context\":\"https:\/\/schema.org\",\"@graph\":[{\"@type\":\"WebPage\",\"@id\":\"https:\/\/balaban.md\/awards\/\",\"url\":\"https:\/\/balaban.md\/awards\/\",\"name\":\"Distinc\u021bii - Balaban &amp; Partners\",\"isPartOf\":{\"@id\":\"https:\/\/balaban.md\/#website\"},\"primaryImageOfPage\":{\"@id\":\"https:\/\/balaban.md\/awards\/#primaryimage\"},\"image\":{\"@id\":\"https:\/\/balaban.md\/awards\/#primaryimage\"},\"thumbnailUrl\":\"https:\/\/balaban.md\/wp-content\/uploads\/2025\/12\/diploma_2-1024x820.jpeg\",\"datePublished\":\"2020-09-07T18:21:55+00:00\",\"dateModified\":\"2025-12-09T09:05:21+00:00\",\"breadcrumb\":{\"@id\":\"https:\/\/balaban.md\/awards\/#breadcrumb\"},\"inLanguage\":\"ro-RO\",\"potentialAction\":[{\"@type\":\"ReadAction\",\"target\":[\"https:\/\/balaban.md\/awards\/\"]}]},{\"@type\":\"ImageObject\",\"inLanguage\":\"ro-RO\",\"@id\":\"https:\/\/balaban.md\/awards\/#primaryimage\",\"url\":\"https:\/\/balaban.md\/wp-content\/uploads\/2025\/12\/diploma_2-1024x820.jpeg\",\"contentUrl\":\"https:\/\/balaban.md\/wp-content\/uploads\/2025\/12\/diploma_2-1024x820.jpeg\"},{\"@type\":\"BreadcrumbList\",\"@id\":\"https:\/\/balaban.md\/awards\/#breadcrumb\",\"itemListElement\":[{\"@type\":\"ListItem\",\"position\":1,\"name\":\"Home\",\"item\":\"https:\/\/balaban.md\/\"},{\"@type\":\"ListItem\",\"position\":2,\"name\":\"Awards\"}]},{\"@type\":\"WebSite\",\"@id\":\"https:\/\/balaban.md\/#website\",\"url\":\"https:\/\/balaban.md\/\",\"name\":\"Balaban &amp; Partners\",\"description\":\"Law Firm\",\"publisher\":{\"@id\":\"https:\/\/balaban.md\/#organization\"},\"potentialAction\":[{\"@type\":\"SearchAction\",\"target\":{\"@type\":\"EntryPoint\",\"urlTemplate\":\"https:\/\/balaban.md\/?s={search_term_string}\"},\"query-input\":{\"@type\":\"PropertyValueSpecification\",\"valueRequired\":true,\"valueName\":\"search_term_string\"}}],\"inLanguage\":\"ro-RO\"},{\"@type\":\"Organization\",\"@id\":\"https:\/\/balaban.md\/#organization\",\"name\":\"Balaban & Partners - Law Firm\",\"url\":\"https:\/\/balaban.md\/\",\"logo\":{\"@type\":\"ImageObject\",\"inLanguage\":\"ro-RO\",\"@id\":\"https:\/\/balaban.md\/#\/schema\/logo\/image\/\",\"url\":\"https:\/\/balaban.md\/wp-content\/uploads\/2020\/11\/logo-Balaban.md_.png\",\"contentUrl\":\"https:\/\/balaban.md\/wp-content\/uploads\/2020\/11\/logo-Balaban.md_.png\",\"width\":348,\"height\":101,\"caption\":\"Balaban & Partners - Law Firm\"},\"image\":{\"@id\":\"https:\/\/balaban.md\/#\/schema\/logo\/image\/\"}}]}<\/script>\n<!-- \/ Yoast SEO plugin. -->","yoast_head_json":{"title":"Distinc\u021bii - Balaban &amp; Partners","robots":{"index":"index","follow":"follow","max-snippet":"max-snippet:-1","max-image-preview":"max-image-preview:large","max-video-preview":"max-video-preview:-1"},"canonical":"https:\/\/balaban.md\/awards\/","og_locale":"ro_RO","og_type":"article","og_title":"Distinc\u021bii - Balaban &amp; Partners","og_url":"https:\/\/balaban.md\/awards\/","og_site_name":"Balaban &amp; Partners","article_modified_time":"2025-12-09T09:05:21+00:00","og_image":[{"width":1600,"height":1282,"url":"https:\/\/balaban.md\/wp-content\/uploads\/2025\/12\/diploma_2.jpeg","type":"image\/jpeg"}],"twitter_card":"summary_large_image","twitter_misc":{"Timp estimat pentru citire":"1 minut"},"schema":{"@context":"https:\/\/schema.org","@graph":[{"@type":"WebPage","@id":"https:\/\/balaban.md\/awards\/","url":"https:\/\/balaban.md\/awards\/","name":"Distinc\u021bii - Balaban &amp; Partners","isPartOf":{"@id":"https:\/\/balaban.md\/#website"},"primaryImageOfPage":{"@id":"https:\/\/balaban.md\/awards\/#primaryimage"},"image":{"@id":"https:\/\/balaban.md\/awards\/#primaryimage"},"thumbnailUrl":"https:\/\/balaban.md\/wp-content\/uploads\/2025\/12\/diploma_2-1024x820.jpeg","datePublished":"2020-09-07T18:21:55+00:00","dateModified":"2025-12-09T09:05:21+00:00","breadcrumb":{"@id":"https:\/\/balaban.md\/awards\/#breadcrumb"},"inLanguage":"ro-RO","potentialAction":[{"@type":"ReadAction","target":["https:\/\/balaban.md\/awards\/"]}]},{"@type":"ImageObject","inLanguage":"ro-RO","@id":"https:\/\/balaban.md\/awards\/#primaryimage","url":"https:\/\/balaban.md\/wp-content\/uploads\/2025\/12\/diploma_2-1024x820.jpeg","contentUrl":"https:\/\/balaban.md\/wp-content\/uploads\/2025\/12\/diploma_2-1024x820.jpeg"},{"@type":"BreadcrumbList","@id":"https:\/\/balaban.md\/awards\/#breadcrumb","itemListElement":[{"@type":"ListItem","position":1,"name":"Home","item":"https:\/\/balaban.md\/"},{"@type":"ListItem","position":2,"name":"Awards"}]},{"@type":"WebSite","@id":"https:\/\/balaban.md\/#website","url":"https:\/\/balaban.md\/","name":"Balaban &amp; Partners","description":"Law Firm","publisher":{"@id":"https:\/\/balaban.md\/#organization"},"potentialAction":[{"@type":"SearchAction","target":{"@type":"EntryPoint","urlTemplate":"https:\/\/balaban.md\/?s={search_term_string}"},"query-input":{"@type":"PropertyValueSpecification","valueRequired":true,"valueName":"search_term_string"}}],"inLanguage":"ro-RO"},{"@type":"Organization","@id":"https:\/\/balaban.md\/#organization","name":"Balaban & Partners - Law Firm","url":"https:\/\/balaban.md\/","logo":{"@type":"ImageObject","inLanguage":"ro-RO","@id":"https:\/\/balaban.md\/#\/schema\/logo\/image\/","url":"https:\/\/balaban.md\/wp-content\/uploads\/2020\/11\/logo-Balaban.md_.png","contentUrl":"https:\/\/balaban.md\/wp-content\/uploads\/2020\/11\/logo-Balaban.md_.png","width":348,"height":101,"caption":"Balaban & Partners - Law Firm"},"image":{"@id":"https:\/\/balaban.md\/#\/schema\/logo\/image\/"}}]}},"_links":{"self":[{"href":"https:\/\/balaban.md\/ro\/wp-json\/wp\/v2\/pages\/372","targetHints":{"allow":["GET"]}}],"collection":[{"href":"https:\/\/balaban.md\/ro\/wp-json\/wp\/v2\/pages"}],"about":[{"href":"https:\/\/balaban.md\/ro\/wp-json\/wp\/v2\/types\/page"}],"author":[{"embeddable":true,"href":"https:\/\/balaban.md\/ro\/wp-json\/wp\/v2\/users\/1"}],"replies":[{"embeddable":true,"href":"https:\/\/balaban.md\/ro\/wp-json\/wp\/v2\/comments?post=372"}],"version-history":[{"count":45,"href":"https:\/\/balaban.md\/ro\/wp-json\/wp\/v2\/pages\/372\/revisions"}],"predecessor-version":[{"id":1425,"href":"https:\/\/balaban.md\/ro\/wp-json\/wp\/v2\/pages\/372\/revisions\/1425"}],"wp:attachment":[{"href":"https:\/\/balaban.md\/ro\/wp-json\/wp\/v2\/media?parent=372"}],"curies":[{"name":"wp","href":"https:\/\/api.w.org\/{rel}","templated":true}]}}