{"id":776,"date":"2020-11-23T22:33:05","date_gmt":"2020-11-23T22:33:05","guid":{"rendered":"https:\/\/balaban.md\/?page_id=776"},"modified":"2025-12-09T17:23:47","modified_gmt":"2025-12-09T17:23:47","slug":"disclaimer","status":"publish","type":"page","link":"https:\/\/balaban.md\/ro\/disclaimer\/","title":{"rendered":"Declinare de responsabilitate"},"content":{"rendered":"\n<p>De\u0219i acest website a fost creat cu cea mai mare aten\u021bie, Balaban &amp; Partners nu \u00ee\u0219i asum\u0103 nicio responsabilitate pentru corectitudinea, integralitatea sau actualitatea informa\u021biilor publicate.<\/p>\n\n\n\n<p>Balaban &amp; Partners \u00ee\u0219i declin\u0103 \u00een mod expres orice responsabilitate \u0219i r\u0103spundere pentru ac\u021biunile sau omisiunile bazate pe informa\u021biile sau materialele con\u021binute pe acest website.<\/p>\n\n\n\n<p>Toate linkurile c\u0103tre website-uri ale unor ter\u021be p\u0103r\u021bi sunt furnizate exclusiv pentru comoditatea utilizatorilor. Balaban &amp; Partners nu \u00ee\u0219i asum\u0103 nicio responsabilitate pentru con\u021binutul acestor site-uri. Operatorii respectivelor website-uri sunt singurii responsabili pentru con\u021binutul lor.<\/p>\n\n\n\n<p>Nicio alt\u0103 utilizare a informa\u021biilor \u0219i materialelor publicate pe acest website nu este permis\u0103 f\u0103r\u0103 acordul prealabil al Balaban &amp; Partners. Pentru detalii privind utilizarea informa\u021biilor \u0219i materialelor de pe acest website, v\u0103 rug\u0103m s\u0103 ne contacta\u021bi la&nbsp;<a href=\"mailto:office@balaban.md\" target=\"_blank\" rel=\"noreferrer noopener\">office@balaban.md<\/a><\/p>\n\n\n\n<p><\/p>\n","protected":false},"excerpt":{"rendered":"<p>De\u0219i acest website a fost creat cu cea mai mare aten\u021bie, Balaban &amp; Partners nu \u00ee\u0219i asum\u0103 nicio responsabilitate pentru corectitudinea, integralitatea sau actualitatea informa\u021biilor publicate. Balaban &amp; Partners \u00ee\u0219i declin\u0103 \u00een mod expres orice responsabilitate \u0219i r\u0103spundere pentru ac\u021biunile sau omisiunile bazate pe informa\u021biile sau materialele con\u021binute pe acest website. Toate linkurile c\u0103tre website-uri [&hellip;]<\/p>\n","protected":false},"author":1,"featured_media":0,"parent":0,"menu_order":0,"comment_status":"closed","ping_status":"closed","template":"","meta":{"footnotes":""},"class_list":["post-776","page","type-page","status-publish","hentry"],"translation":{"provider":"WPGlobus","version":"3.0.1","language":"ro","enabled_languages":["en","ro"],"languages":{"en":{"title":true,"content":true,"excerpt":false},"ro":{"title":true,"content":true,"excerpt":false}}},"acf":[],"yoast_head":"<!-- This site is optimized with the Yoast SEO plugin v24.9 - https:\/\/yoast.com\/wordpress\/plugins\/seo\/ -->\n<title>Declinare de responsabilitate - Balaban &amp; Partners<\/title>\n<meta name=\"robots\" content=\"index, follow, max-snippet:-1, max-image-preview:large, max-video-preview:-1\" \/>\n<link rel=\"canonical\" href=\"https:\/\/balaban.md\/disclaimer\/\" \/>\n<meta property=\"og:locale\" content=\"ro_RO\" \/>\n<meta property=\"og:type\" content=\"article\" \/>\n<meta property=\"og:title\" content=\"Declinare de responsabilitate - Balaban &amp; Partners\" \/>\n<meta property=\"og:url\" content=\"https:\/\/balaban.md\/disclaimer\/\" \/>\n<meta property=\"og:site_name\" content=\"Balaban &amp; Partners\" \/>\n<meta property=\"article:modified_time\" content=\"2025-12-09T17:23:47+00:00\" \/>\n<meta name=\"twitter:card\" content=\"summary_large_image\" \/>\n<script type=\"application\/ld+json\" class=\"yoast-schema-graph\">{\"@context\":\"https:\/\/schema.org\",\"@graph\":[{\"@type\":\"WebPage\",\"@id\":\"https:\/\/balaban.md\/disclaimer\/\",\"url\":\"https:\/\/balaban.md\/disclaimer\/\",\"name\":\"Declinare de responsabilitate - Balaban &amp; Partners\",\"isPartOf\":{\"@id\":\"https:\/\/balaban.md\/#website\"},\"datePublished\":\"2020-11-23T22:33:05+00:00\",\"dateModified\":\"2025-12-09T17:23:47+00:00\",\"breadcrumb\":{\"@id\":\"https:\/\/balaban.md\/disclaimer\/#breadcrumb\"},\"inLanguage\":\"ro-RO\",\"potentialAction\":[{\"@type\":\"ReadAction\",\"target\":[\"https:\/\/balaban.md\/disclaimer\/\"]}]},{\"@type\":\"BreadcrumbList\",\"@id\":\"https:\/\/balaban.md\/disclaimer\/#breadcrumb\",\"itemListElement\":[{\"@type\":\"ListItem\",\"position\":1,\"name\":\"Home\",\"item\":\"https:\/\/balaban.md\/\"},{\"@type\":\"ListItem\",\"position\":2,\"name\":\"Disclaimer\"}]},{\"@type\":\"WebSite\",\"@id\":\"https:\/\/balaban.md\/#website\",\"url\":\"https:\/\/balaban.md\/\",\"name\":\"Balaban &amp; Partners\",\"description\":\"Law Firm\",\"publisher\":{\"@id\":\"https:\/\/balaban.md\/#organization\"},\"potentialAction\":[{\"@type\":\"SearchAction\",\"target\":{\"@type\":\"EntryPoint\",\"urlTemplate\":\"https:\/\/balaban.md\/?s={search_term_string}\"},\"query-input\":{\"@type\":\"PropertyValueSpecification\",\"valueRequired\":true,\"valueName\":\"search_term_string\"}}],\"inLanguage\":\"ro-RO\"},{\"@type\":\"Organization\",\"@id\":\"https:\/\/balaban.md\/#organization\",\"name\":\"Balaban & Partners - Law Firm\",\"url\":\"https:\/\/balaban.md\/\",\"logo\":{\"@type\":\"ImageObject\",\"inLanguage\":\"ro-RO\",\"@id\":\"https:\/\/balaban.md\/#\/schema\/logo\/image\/\",\"url\":\"https:\/\/balaban.md\/wp-content\/uploads\/2020\/11\/logo-Balaban.md_.png\",\"contentUrl\":\"https:\/\/balaban.md\/wp-content\/uploads\/2020\/11\/logo-Balaban.md_.png\",\"width\":348,\"height\":101,\"caption\":\"Balaban & Partners - Law Firm\"},\"image\":{\"@id\":\"https:\/\/balaban.md\/#\/schema\/logo\/image\/\"}}]}<\/script>\n<!-- \/ Yoast SEO plugin. -->","yoast_head_json":{"title":"Declinare de responsabilitate - Balaban &amp; Partners","robots":{"index":"index","follow":"follow","max-snippet":"max-snippet:-1","max-image-preview":"max-image-preview:large","max-video-preview":"max-video-preview:-1"},"canonical":"https:\/\/balaban.md\/disclaimer\/","og_locale":"ro_RO","og_type":"article","og_title":"Declinare de responsabilitate - Balaban &amp; Partners","og_url":"https:\/\/balaban.md\/disclaimer\/","og_site_name":"Balaban &amp; Partners","article_modified_time":"2025-12-09T17:23:47+00:00","twitter_card":"summary_large_image","schema":{"@context":"https:\/\/schema.org","@graph":[{"@type":"WebPage","@id":"https:\/\/balaban.md\/disclaimer\/","url":"https:\/\/balaban.md\/disclaimer\/","name":"Declinare de responsabilitate - Balaban &amp; Partners","isPartOf":{"@id":"https:\/\/balaban.md\/#website"},"datePublished":"2020-11-23T22:33:05+00:00","dateModified":"2025-12-09T17:23:47+00:00","breadcrumb":{"@id":"https:\/\/balaban.md\/disclaimer\/#breadcrumb"},"inLanguage":"ro-RO","potentialAction":[{"@type":"ReadAction","target":["https:\/\/balaban.md\/disclaimer\/"]}]},{"@type":"BreadcrumbList","@id":"https:\/\/balaban.md\/disclaimer\/#breadcrumb","itemListElement":[{"@type":"ListItem","position":1,"name":"Home","item":"https:\/\/balaban.md\/"},{"@type":"ListItem","position":2,"name":"Disclaimer"}]},{"@type":"WebSite","@id":"https:\/\/balaban.md\/#website","url":"https:\/\/balaban.md\/","name":"Balaban &amp; Partners","description":"Law Firm","publisher":{"@id":"https:\/\/balaban.md\/#organization"},"potentialAction":[{"@type":"SearchAction","target":{"@type":"EntryPoint","urlTemplate":"https:\/\/balaban.md\/?s={search_term_string}"},"query-input":{"@type":"PropertyValueSpecification","valueRequired":true,"valueName":"search_term_string"}}],"inLanguage":"ro-RO"},{"@type":"Organization","@id":"https:\/\/balaban.md\/#organization","name":"Balaban & Partners - Law Firm","url":"https:\/\/balaban.md\/","logo":{"@type":"ImageObject","inLanguage":"ro-RO","@id":"https:\/\/balaban.md\/#\/schema\/logo\/image\/","url":"https:\/\/balaban.md\/wp-content\/uploads\/2020\/11\/logo-Balaban.md_.png","contentUrl":"https:\/\/balaban.md\/wp-content\/uploads\/2020\/11\/logo-Balaban.md_.png","width":348,"height":101,"caption":"Balaban & Partners - Law Firm"},"image":{"@id":"https:\/\/balaban.md\/#\/schema\/logo\/image\/"}}]}},"_links":{"self":[{"href":"https:\/\/balaban.md\/ro\/wp-json\/wp\/v2\/pages\/776","targetHints":{"allow":["GET"]}}],"collection":[{"href":"https:\/\/balaban.md\/ro\/wp-json\/wp\/v2\/pages"}],"about":[{"href":"https:\/\/balaban.md\/ro\/wp-json\/wp\/v2\/types\/page"}],"author":[{"embeddable":true,"href":"https:\/\/balaban.md\/ro\/wp-json\/wp\/v2\/users\/1"}],"replies":[{"embeddable":true,"href":"https:\/\/balaban.md\/ro\/wp-json\/wp\/v2\/comments?post=776"}],"version-history":[{"count":7,"href":"https:\/\/balaban.md\/ro\/wp-json\/wp\/v2\/pages\/776\/revisions"}],"predecessor-version":[{"id":1562,"href":"https:\/\/balaban.md\/ro\/wp-json\/wp\/v2\/pages\/776\/revisions\/1562"}],"wp:attachment":[{"href":"https:\/\/balaban.md\/ro\/wp-json\/wp\/v2\/media?parent=776"}],"curies":[{"name":"wp","href":"https:\/\/api.w.org\/{rel}","templated":true}]}}