{"id":828,"date":"2020-11-27T13:32:45","date_gmt":"2020-11-27T13:32:45","guid":{"rendered":"https:\/\/balaban.md\/?page_id=828"},"modified":"2020-12-15T11:03:03","modified_gmt":"2020-12-15T11:03:03","slug":"privacy-policy","status":"publish","type":"page","link":"https:\/\/balaban.md\/ro\/privacy-policy\/","title":{"rendered":"Politica de Confiden\u021bialitate"},"content":{"rendered":"\n<h5 class=\"wp-block-heading\" id=\"block-df167fe9-e8a6-4529-ad9c-1c19ddb0c05b\">Cine suntem noi<\/h5>\n\n\n\n<p class=\"has-small-font-size\" id=\"block-4468d4b0-1574-4a39-a5aa-61c5f4c3636a\">Adresa site-ului nostru este: https:\/\/balaban.md.<\/p>\n\n\n\n<h5 class=\"wp-block-heading\" id=\"block-3a231e40-f6e9-47d9-906c-8cbaf2df718c\">Informatii suplimentare<\/h5>\n\n\n\n<p class=\"has-small-font-size\" id=\"block-7398e0e0-45c2-490c-92a9-a38d432a4442\">Balaban &amp; Partners poate utiliza toate datele personale colectate prin intermediul diferitelor sec\u021biuni ale acestui site web \u00een conformitate cu Legea nr. 17-XVI din 15.02.2007 privind protec\u021bia datelor cu caracter personal.<\/p>\n\n\n\n<p class=\"has-small-font-size\" id=\"block-7398e0e0-45c2-490c-92a9-a38d432a4442\">Balaban &amp; Partners poate modifica ace\u0219ti Termeni \u0219i condi\u021bii \u00een orice moment \u0219i f\u0103r\u0103 notificare prealabil\u0103, actualiz\u00e2ndu-i \u0219i public\u00e2ndu-i \u00een aceast\u0103 parte a site-ului web.<\/p>\n","protected":false},"excerpt":{"rendered":"<p>Cine suntem noi Adresa site-ului nostru este: https:\/\/balaban.md. Informatii suplimentare Balaban &amp; Partners poate utiliza toate datele personale colectate prin intermediul diferitelor sec\u021biuni ale acestui site web \u00een conformitate cu Legea nr. 17-XVI din 15.02.2007 privind protec\u021bia datelor cu caracter personal. Balaban &amp; Partners poate modifica ace\u0219ti Termeni \u0219i condi\u021bii \u00een orice moment \u0219i f\u0103r\u0103 [&hellip;]<\/p>\n","protected":false},"author":1,"featured_media":0,"parent":0,"menu_order":0,"comment_status":"closed","ping_status":"closed","template":"","meta":{"footnotes":""},"class_list":["post-828","page","type-page","status-publish","hentry"],"translation":{"provider":"WPGlobus","version":"3.0.1","language":"ro","enabled_languages":["en","ro"],"languages":{"en":{"title":true,"content":true,"excerpt":false},"ro":{"title":true,"content":true,"excerpt":false}}},"acf":[],"yoast_head":"<!-- This site is optimized with the Yoast SEO plugin v24.9 - https:\/\/yoast.com\/wordpress\/plugins\/seo\/ -->\n<title>Politica de Confiden\u021bialitate  - Balaban &amp; Partners<\/title>\n<meta name=\"robots\" content=\"index, follow, max-snippet:-1, max-image-preview:large, max-video-preview:-1\" \/>\n<link rel=\"canonical\" href=\"https:\/\/balaban.md\/privacy-policy\/\" \/>\n<meta property=\"og:locale\" content=\"ro_RO\" \/>\n<meta property=\"og:type\" content=\"article\" \/>\n<meta property=\"og:title\" content=\"Politica de Confiden\u021bialitate  - Balaban &amp; Partners\" \/>\n<meta property=\"og:url\" content=\"https:\/\/balaban.md\/privacy-policy\/\" \/>\n<meta property=\"og:site_name\" content=\"Balaban &amp; Partners\" \/>\n<meta property=\"article:modified_time\" content=\"2020-12-15T11:03:03+00:00\" \/>\n<meta name=\"twitter:card\" content=\"summary_large_image\" \/>\n<meta name=\"twitter:label1\" content=\"Timp estimat pentru citire\" \/>\n\t<meta name=\"twitter:data1\" content=\"1 minut\" \/>\n<script type=\"application\/ld+json\" class=\"yoast-schema-graph\">{\"@context\":\"https:\/\/schema.org\",\"@graph\":[{\"@type\":\"WebPage\",\"@id\":\"https:\/\/balaban.md\/privacy-policy\/\",\"url\":\"https:\/\/balaban.md\/privacy-policy\/\",\"name\":\"Politica de Confiden\u021bialitate - Balaban &amp; Partners\",\"isPartOf\":{\"@id\":\"https:\/\/balaban.md\/#website\"},\"datePublished\":\"2020-11-27T13:32:45+00:00\",\"dateModified\":\"2020-12-15T11:03:03+00:00\",\"breadcrumb\":{\"@id\":\"https:\/\/balaban.md\/privacy-policy\/#breadcrumb\"},\"inLanguage\":\"ro-RO\",\"potentialAction\":[{\"@type\":\"ReadAction\",\"target\":[\"https:\/\/balaban.md\/privacy-policy\/\"]}]},{\"@type\":\"BreadcrumbList\",\"@id\":\"https:\/\/balaban.md\/privacy-policy\/#breadcrumb\",\"itemListElement\":[{\"@type\":\"ListItem\",\"position\":1,\"name\":\"Home\",\"item\":\"https:\/\/balaban.md\/\"},{\"@type\":\"ListItem\",\"position\":2,\"name\":\"Privacy Policy\"}]},{\"@type\":\"WebSite\",\"@id\":\"https:\/\/balaban.md\/#website\",\"url\":\"https:\/\/balaban.md\/\",\"name\":\"Balaban &amp; Partners\",\"description\":\"Law Firm\",\"publisher\":{\"@id\":\"https:\/\/balaban.md\/#organization\"},\"potentialAction\":[{\"@type\":\"SearchAction\",\"target\":{\"@type\":\"EntryPoint\",\"urlTemplate\":\"https:\/\/balaban.md\/?s={search_term_string}\"},\"query-input\":{\"@type\":\"PropertyValueSpecification\",\"valueRequired\":true,\"valueName\":\"search_term_string\"}}],\"inLanguage\":\"ro-RO\"},{\"@type\":\"Organization\",\"@id\":\"https:\/\/balaban.md\/#organization\",\"name\":\"Balaban & Partners - Law Firm\",\"url\":\"https:\/\/balaban.md\/\",\"logo\":{\"@type\":\"ImageObject\",\"inLanguage\":\"ro-RO\",\"@id\":\"https:\/\/balaban.md\/#\/schema\/logo\/image\/\",\"url\":\"https:\/\/balaban.md\/wp-content\/uploads\/2020\/11\/logo-Balaban.md_.png\",\"contentUrl\":\"https:\/\/balaban.md\/wp-content\/uploads\/2020\/11\/logo-Balaban.md_.png\",\"width\":348,\"height\":101,\"caption\":\"Balaban & Partners - Law Firm\"},\"image\":{\"@id\":\"https:\/\/balaban.md\/#\/schema\/logo\/image\/\"}}]}<\/script>\n<!-- \/ Yoast SEO plugin. -->","yoast_head_json":{"title":"Politica de Confiden\u021bialitate  - Balaban &amp; Partners","robots":{"index":"index","follow":"follow","max-snippet":"max-snippet:-1","max-image-preview":"max-image-preview:large","max-video-preview":"max-video-preview:-1"},"canonical":"https:\/\/balaban.md\/privacy-policy\/","og_locale":"ro_RO","og_type":"article","og_title":"Politica de Confiden\u021bialitate  - Balaban &amp; Partners","og_url":"https:\/\/balaban.md\/privacy-policy\/","og_site_name":"Balaban &amp; Partners","article_modified_time":"2020-12-15T11:03:03+00:00","twitter_card":"summary_large_image","twitter_misc":{"Timp estimat pentru citire":"1 minut"},"schema":{"@context":"https:\/\/schema.org","@graph":[{"@type":"WebPage","@id":"https:\/\/balaban.md\/privacy-policy\/","url":"https:\/\/balaban.md\/privacy-policy\/","name":"Politica de Confiden\u021bialitate - Balaban &amp; Partners","isPartOf":{"@id":"https:\/\/balaban.md\/#website"},"datePublished":"2020-11-27T13:32:45+00:00","dateModified":"2020-12-15T11:03:03+00:00","breadcrumb":{"@id":"https:\/\/balaban.md\/privacy-policy\/#breadcrumb"},"inLanguage":"ro-RO","potentialAction":[{"@type":"ReadAction","target":["https:\/\/balaban.md\/privacy-policy\/"]}]},{"@type":"BreadcrumbList","@id":"https:\/\/balaban.md\/privacy-policy\/#breadcrumb","itemListElement":[{"@type":"ListItem","position":1,"name":"Home","item":"https:\/\/balaban.md\/"},{"@type":"ListItem","position":2,"name":"Privacy Policy"}]},{"@type":"WebSite","@id":"https:\/\/balaban.md\/#website","url":"https:\/\/balaban.md\/","name":"Balaban &amp; Partners","description":"Law Firm","publisher":{"@id":"https:\/\/balaban.md\/#organization"},"potentialAction":[{"@type":"SearchAction","target":{"@type":"EntryPoint","urlTemplate":"https:\/\/balaban.md\/?s={search_term_string}"},"query-input":{"@type":"PropertyValueSpecification","valueRequired":true,"valueName":"search_term_string"}}],"inLanguage":"ro-RO"},{"@type":"Organization","@id":"https:\/\/balaban.md\/#organization","name":"Balaban & Partners - Law Firm","url":"https:\/\/balaban.md\/","logo":{"@type":"ImageObject","inLanguage":"ro-RO","@id":"https:\/\/balaban.md\/#\/schema\/logo\/image\/","url":"https:\/\/balaban.md\/wp-content\/uploads\/2020\/11\/logo-Balaban.md_.png","contentUrl":"https:\/\/balaban.md\/wp-content\/uploads\/2020\/11\/logo-Balaban.md_.png","width":348,"height":101,"caption":"Balaban & Partners - Law Firm"},"image":{"@id":"https:\/\/balaban.md\/#\/schema\/logo\/image\/"}}]}},"_links":{"self":[{"href":"https:\/\/balaban.md\/ro\/wp-json\/wp\/v2\/pages\/828","targetHints":{"allow":["GET"]}}],"collection":[{"href":"https:\/\/balaban.md\/ro\/wp-json\/wp\/v2\/pages"}],"about":[{"href":"https:\/\/balaban.md\/ro\/wp-json\/wp\/v2\/types\/page"}],"author":[{"embeddable":true,"href":"https:\/\/balaban.md\/ro\/wp-json\/wp\/v2\/users\/1"}],"replies":[{"embeddable":true,"href":"https:\/\/balaban.md\/ro\/wp-json\/wp\/v2\/comments?post=828"}],"version-history":[{"count":12,"href":"https:\/\/balaban.md\/ro\/wp-json\/wp\/v2\/pages\/828\/revisions"}],"predecessor-version":[{"id":855,"href":"https:\/\/balaban.md\/ro\/wp-json\/wp\/v2\/pages\/828\/revisions\/855"}],"wp:attachment":[{"href":"https:\/\/balaban.md\/ro\/wp-json\/wp\/v2\/media?parent=828"}],"curies":[{"name":"wp","href":"https:\/\/api.w.org\/{rel}","templated":true}]}}